{"id":10348,"date":"2022-06-10T10:39:40","date_gmt":"2022-06-10T10:39:40","guid":{"rendered":"http:\/\/oxav.aimstormsolutions.com\/product\/oxa-haribo-dragibus\/"},"modified":"2022-06-10T10:39:40","modified_gmt":"2022-06-10T10:39:40","slug":"oxa-haribo-dragibus-2","status":"publish","type":"product","link":"https:\/\/oxav.aimstormsolutions.com\/de\/produkt\/oxa-haribo-dragibus-2\/","title":{"rendered":"OXA Haribo Dragibus"},"content":{"rendered":"<p>OXA Haribo Dragibus beschreibt Dragibus als Spiel der Farben und Geschm\u00e4cker. Jede S\u00fc\u00dfigkeit ist eine \u00dcberraschung, und ein und dieselbe Farbe kann mehrere Geschmacksrichtungen enthalten, da ein Geschmack zu mehreren Farben passen kann. Sie haben seit ihrer Entstehung die gleichen einzigartigen Aromen, weshalb sie auch so gut erkennbar sind.<\/p>\n","protected":false},"excerpt":{"rendered":"<ul>\n<li>Haribo Dragibus<\/li>\n<\/ul>\n","protected":false},"featured_media":8825,"comment_status":"open","ping_status":"closed","template":"","meta":[],"product_cat":[202,221],"product_tag":[],"yst_prominent_words":[],"class_list":["post-10348","product","type-product","status-publish","has-post-thumbnail","hentry","product_cat-e-liquid-de","product_cat-enhancer-de","pa_nicotine-25mg-de","pa_nicotine-3mg-de"],"_links":{"self":[{"href":"https:\/\/oxav.aimstormsolutions.com\/de\/wp-json\/wp\/v2\/product\/10348","targetHints":{"allow":["GET"]}}],"collection":[{"href":"https:\/\/oxav.aimstormsolutions.com\/de\/wp-json\/wp\/v2\/product"}],"about":[{"href":"https:\/\/oxav.aimstormsolutions.com\/de\/wp-json\/wp\/v2\/types\/product"}],"replies":[{"embeddable":true,"href":"https:\/\/oxav.aimstormsolutions.com\/de\/wp-json\/wp\/v2\/comments?post=10348"}],"wp:featuredmedia":[{"embeddable":true,"href":"https:\/\/oxav.aimstormsolutions.com\/de\/wp-json\/wp\/v2\/media\/8825"}],"wp:attachment":[{"href":"https:\/\/oxav.aimstormsolutions.com\/de\/wp-json\/wp\/v2\/media?parent=10348"}],"wp:term":[{"taxonomy":"product_cat","embeddable":true,"href":"https:\/\/oxav.aimstormsolutions.com\/de\/wp-json\/wp\/v2\/product_cat?post=10348"},{"taxonomy":"product_tag","embeddable":true,"href":"https:\/\/oxav.aimstormsolutions.com\/de\/wp-json\/wp\/v2\/product_tag?post=10348"},{"taxonomy":"yst_prominent_words","embeddable":true,"href":"https:\/\/oxav.aimstormsolutions.com\/de\/wp-json\/wp\/v2\/yst_prominent_words?post=10348"}],"curies":[{"name":"wp","href":"https:\/\/api.w.org\/{rel}","templated":true}]}}