{"id":9651,"date":"2022-06-13T07:13:57","date_gmt":"2022-06-13T07:13:57","guid":{"rendered":"http:\/\/oxav.aimstormsolutions.com\/product\/nachfuellbares-pod-system\/"},"modified":"2022-06-13T07:13:57","modified_gmt":"2022-06-13T07:13:57","slug":"nachfullbares-pod-system","status":"publish","type":"product","link":"https:\/\/oxav.aimstormsolutions.com\/de\/produkt\/nachfullbares-pod-system\/","title":{"rendered":"Nachf\u00fcllbares Pod-System"},"content":{"rendered":"<p>Es wird von einem 650mAh eingebauten Akku mit max 30W Leistung angetrieben, und kommt standardm\u00e4\u00dfig mit 1,022 pod, entworfen, um den besten Geschmack f\u00fcr die vaping Stil zu liefern. Dar\u00fcber hinaus k\u00f6nnen Sie mit dem OXA MATTO Pod System \u00fcber einen 0,89-Zoll-OLED-Bildschirm auf grundlegende Vaping-Daten zugreifen Innovation ver\u00e4ndert das Vaping-Erlebnis.<\/p>\n<p><img loading=\"lazy\" decoding=\"async\" class=\"wp-image-3994 alignleft\" src=\"http:\/\/oxav.aimstormsolutions.com\/wp-content\/uploads\/2022\/06\/color-varit.png\" alt=\"\" width=\"369\" height=\"275\"><\/p>\n<p><img loading=\"lazy\" decoding=\"async\" class=\"wp-image-3992 alignleft\" src=\"http:\/\/oxav.aimstormsolutions.com\/wp-content\/uploads\/2022\/06\/size-display.png\" alt=\"\" width=\"371\" height=\"261\"><\/p>\n<p><img loading=\"lazy\" decoding=\"async\" class=\"wp-image-3988 alignleft\" src=\"http:\/\/oxav.aimstormsolutions.com\/wp-content\/uploads\/2022\/06\/kit-includes.png\" alt=\"\" width=\"370\" height=\"286\"><\/p>\n<p>&nbsp;<\/p>\n","protected":false},"excerpt":{"rendered":"<ul>\n<li>Nachf\u00fcllbarer POD<\/li>\n<li>Wiederaufladbare Batterie<\/li>\n<li>OLED-Display<\/li>\n<li>Maschenspule<\/li>\n<\/ul>\n","protected":false},"featured_media":8945,"comment_status":"open","ping_status":"closed","template":"","meta":[],"product_cat":[170],"product_tag":[],"yst_prominent_words":[],"class_list":["post-9651","product","type-product","status-publish","has-post-thumbnail","hentry","product_cat-device-de"],"_links":{"self":[{"href":"https:\/\/oxav.aimstormsolutions.com\/de\/wp-json\/wp\/v2\/product\/9651","targetHints":{"allow":["GET"]}}],"collection":[{"href":"https:\/\/oxav.aimstormsolutions.com\/de\/wp-json\/wp\/v2\/product"}],"about":[{"href":"https:\/\/oxav.aimstormsolutions.com\/de\/wp-json\/wp\/v2\/types\/product"}],"replies":[{"embeddable":true,"href":"https:\/\/oxav.aimstormsolutions.com\/de\/wp-json\/wp\/v2\/comments?post=9651"}],"wp:featuredmedia":[{"embeddable":true,"href":"https:\/\/oxav.aimstormsolutions.com\/de\/wp-json\/wp\/v2\/media\/8945"}],"wp:attachment":[{"href":"https:\/\/oxav.aimstormsolutions.com\/de\/wp-json\/wp\/v2\/media?parent=9651"}],"wp:term":[{"taxonomy":"product_cat","embeddable":true,"href":"https:\/\/oxav.aimstormsolutions.com\/de\/wp-json\/wp\/v2\/product_cat?post=9651"},{"taxonomy":"product_tag","embeddable":true,"href":"https:\/\/oxav.aimstormsolutions.com\/de\/wp-json\/wp\/v2\/product_tag?post=9651"},{"taxonomy":"yst_prominent_words","embeddable":true,"href":"https:\/\/oxav.aimstormsolutions.com\/de\/wp-json\/wp\/v2\/yst_prominent_words?post=9651"}],"curies":[{"name":"wp","href":"https:\/\/api.w.org\/{rel}","templated":true}]}}