{"id":9868,"date":"2022-06-11T07:44:52","date_gmt":"2022-06-11T07:44:52","guid":{"rendered":"http:\/\/oxav.aimstormsolutions.com\/product\/oxa-ozean-seele\/"},"modified":"2022-06-11T07:44:52","modified_gmt":"2022-06-11T07:44:52","slug":"oxa-ocean-soul-2","status":"publish","type":"product","link":"https:\/\/oxav.aimstormsolutions.com\/de\/produkt\/oxa-ocean-soul-2\/","title":{"rendered":"OXA Ozean Seele"},"content":{"rendered":"<p>Peach E-Liquid ist ein fruchtiger Vape-Saft, der genau so schmeckt, als ob Sie in einen frischen Pfirsich und eine Weintraube bei\u00dfen w\u00fcrden. Stellen Sie sich vor, wie die weiche, glatte Haut Ihre Lippen streift, wenn Sie in das saftige Fruchtfleisch bei\u00dfen.<\/p>\n","protected":false},"excerpt":{"rendered":"<ul>\n<li>Pfirsich, Frische Trauben<\/li>\n<\/ul>\n","protected":false},"featured_media":8865,"comment_status":"open","ping_status":"closed","template":"","meta":[],"product_cat":[202,221],"product_tag":[],"yst_prominent_words":[],"class_list":["post-9868","product","type-product","status-publish","has-post-thumbnail","hentry","product_cat-e-liquid-de","product_cat-enhancer-de"],"_links":{"self":[{"href":"https:\/\/oxav.aimstormsolutions.com\/de\/wp-json\/wp\/v2\/product\/9868","targetHints":{"allow":["GET"]}}],"collection":[{"href":"https:\/\/oxav.aimstormsolutions.com\/de\/wp-json\/wp\/v2\/product"}],"about":[{"href":"https:\/\/oxav.aimstormsolutions.com\/de\/wp-json\/wp\/v2\/types\/product"}],"replies":[{"embeddable":true,"href":"https:\/\/oxav.aimstormsolutions.com\/de\/wp-json\/wp\/v2\/comments?post=9868"}],"wp:featuredmedia":[{"embeddable":true,"href":"https:\/\/oxav.aimstormsolutions.com\/de\/wp-json\/wp\/v2\/media\/8865"}],"wp:attachment":[{"href":"https:\/\/oxav.aimstormsolutions.com\/de\/wp-json\/wp\/v2\/media?parent=9868"}],"wp:term":[{"taxonomy":"product_cat","embeddable":true,"href":"https:\/\/oxav.aimstormsolutions.com\/de\/wp-json\/wp\/v2\/product_cat?post=9868"},{"taxonomy":"product_tag","embeddable":true,"href":"https:\/\/oxav.aimstormsolutions.com\/de\/wp-json\/wp\/v2\/product_tag?post=9868"},{"taxonomy":"yst_prominent_words","embeddable":true,"href":"https:\/\/oxav.aimstormsolutions.com\/de\/wp-json\/wp\/v2\/yst_prominent_words?post=9868"}],"curies":[{"name":"wp","href":"https:\/\/api.w.org\/{rel}","templated":true}]}}