{"id":10333,"date":"2022-06-10T10:39:40","date_gmt":"2022-06-10T10:39:40","guid":{"rendered":"http:\/\/oxav.aimstormsolutions.com\/product\/oxa-haribo-dragibus\/"},"modified":"2022-06-10T10:39:40","modified_gmt":"2022-06-10T10:39:40","slug":"oxa-haribo-dragibus-2","status":"publish","type":"product","link":"https:\/\/oxav.aimstormsolutions.com\/fr\/produit\/oxa-haribo-dragibus-2\/","title":{"rendered":"OXA Haribo Dragibus"},"content":{"rendered":"<p>OXA Haribo Dragibus d\u00e9crit Dragibus comme un jeu de couleurs et de go\u00fbts. Chaque bonbon est une surprise ; et une m\u00eame couleur peut contenir plusieurs go\u00fbts comme un go\u00fbt peut correspondre \u00e0 plusieurs couleurs. Ils ont les m\u00eames ar\u00f4mes uniques depuis leur cr\u00e9ation, c&rsquo;est pourquoi ils sont si reconnaissables.<\/p>\n","protected":false},"excerpt":{"rendered":"<ul>\n<li>Haribo Dragibus<\/li>\n<\/ul>\n","protected":false},"featured_media":7060,"comment_status":"open","ping_status":"closed","template":"","meta":[],"product_cat":[219,194],"product_tag":[],"yst_prominent_words":[],"class_list":["post-10333","product","type-product","status-publish","has-post-thumbnail","hentry","product_cat-ameliorant","product_cat-e-liquide","pa_nicotine-25mg-fr","pa_nicotine-3mg-fr"],"_links":{"self":[{"href":"https:\/\/oxav.aimstormsolutions.com\/fr\/wp-json\/wp\/v2\/product\/10333","targetHints":{"allow":["GET"]}}],"collection":[{"href":"https:\/\/oxav.aimstormsolutions.com\/fr\/wp-json\/wp\/v2\/product"}],"about":[{"href":"https:\/\/oxav.aimstormsolutions.com\/fr\/wp-json\/wp\/v2\/types\/product"}],"replies":[{"embeddable":true,"href":"https:\/\/oxav.aimstormsolutions.com\/fr\/wp-json\/wp\/v2\/comments?post=10333"}],"wp:featuredmedia":[{"embeddable":true,"href":"https:\/\/oxav.aimstormsolutions.com\/fr\/wp-json\/wp\/v2\/media\/7060"}],"wp:attachment":[{"href":"https:\/\/oxav.aimstormsolutions.com\/fr\/wp-json\/wp\/v2\/media?parent=10333"}],"wp:term":[{"taxonomy":"product_cat","embeddable":true,"href":"https:\/\/oxav.aimstormsolutions.com\/fr\/wp-json\/wp\/v2\/product_cat?post=10333"},{"taxonomy":"product_tag","embeddable":true,"href":"https:\/\/oxav.aimstormsolutions.com\/fr\/wp-json\/wp\/v2\/product_tag?post=10333"},{"taxonomy":"yst_prominent_words","embeddable":true,"href":"https:\/\/oxav.aimstormsolutions.com\/fr\/wp-json\/wp\/v2\/yst_prominent_words?post=10333"}],"curies":[{"name":"wp","href":"https:\/\/api.w.org\/{rel}","templated":true}]}}