{"id":9638,"date":"2022-06-13T07:13:57","date_gmt":"2022-06-13T07:13:57","guid":{"rendered":"http:\/\/oxav.aimstormsolutions.com\/product\/systeme-de-pods-rechargeables\/"},"modified":"2022-06-13T07:13:57","modified_gmt":"2022-06-13T07:13:57","slug":"systeme-de-pods-rechargeables","status":"publish","type":"product","link":"https:\/\/oxav.aimstormsolutions.com\/fr\/produit\/systeme-de-pods-rechargeables\/","title":{"rendered":"Syst\u00e8me de pods rechargeables"},"content":{"rendered":"<p>Il est aliment\u00e9 par une batterie int\u00e9gr\u00e9e de 650mAh avec une sortie maximale de 30W, et est livr\u00e9 en standard avec un pod de 1,022, con\u00e7u pour offrir la meilleure saveur pour le style de vapotage. De plus, le syst\u00e8me de pods OXA MATTO vous permet d&rsquo;acc\u00e9der \u00e0 des donn\u00e9es de base sur le vapotage gr\u00e2ce \u00e0 un \u00e9cran OLED de 0,89 pouce. L&rsquo;innovation ne cesse de changer l&rsquo;exp\u00e9rience du vapotage.<\/p>\n<p><img loading=\"lazy\" decoding=\"async\" class=\"wp-image-3994 alignleft\" src=\"http:\/\/oxav.aimstormsolutions.com\/wp-content\/uploads\/2022\/06\/color-varit.png\" alt=\"\" width=\"369\" height=\"275\"><\/p>\n<p><img loading=\"lazy\" decoding=\"async\" class=\"wp-image-3992 alignleft\" src=\"http:\/\/oxav.aimstormsolutions.com\/wp-content\/uploads\/2022\/06\/size-display.png\" alt=\"\" width=\"371\" height=\"261\"><\/p>\n<p><img loading=\"lazy\" decoding=\"async\" class=\"wp-image-3988 alignleft\" src=\"http:\/\/oxav.aimstormsolutions.com\/wp-content\/uploads\/2022\/06\/kit-includes.png\" alt=\"\" width=\"370\" height=\"286\"><\/p>\n<p>&nbsp;<\/p>\n","protected":false},"excerpt":{"rendered":"<ul>\n<li>POD rechargeable<\/li>\n<li>Batterie rechargeable<\/li>\n<li>\u00c9cran OLED<\/li>\n<li>Bobine de maille<\/li>\n<\/ul>\n","protected":false},"featured_media":7420,"comment_status":"open","ping_status":"closed","template":"","meta":[],"product_cat":[169],"product_tag":[],"yst_prominent_words":[],"class_list":["post-9638","product","type-product","status-publish","has-post-thumbnail","hentry","product_cat-dispositif-fr"],"_links":{"self":[{"href":"https:\/\/oxav.aimstormsolutions.com\/fr\/wp-json\/wp\/v2\/product\/9638","targetHints":{"allow":["GET"]}}],"collection":[{"href":"https:\/\/oxav.aimstormsolutions.com\/fr\/wp-json\/wp\/v2\/product"}],"about":[{"href":"https:\/\/oxav.aimstormsolutions.com\/fr\/wp-json\/wp\/v2\/types\/product"}],"replies":[{"embeddable":true,"href":"https:\/\/oxav.aimstormsolutions.com\/fr\/wp-json\/wp\/v2\/comments?post=9638"}],"wp:featuredmedia":[{"embeddable":true,"href":"https:\/\/oxav.aimstormsolutions.com\/fr\/wp-json\/wp\/v2\/media\/7420"}],"wp:attachment":[{"href":"https:\/\/oxav.aimstormsolutions.com\/fr\/wp-json\/wp\/v2\/media?parent=9638"}],"wp:term":[{"taxonomy":"product_cat","embeddable":true,"href":"https:\/\/oxav.aimstormsolutions.com\/fr\/wp-json\/wp\/v2\/product_cat?post=9638"},{"taxonomy":"product_tag","embeddable":true,"href":"https:\/\/oxav.aimstormsolutions.com\/fr\/wp-json\/wp\/v2\/product_tag?post=9638"},{"taxonomy":"yst_prominent_words","embeddable":true,"href":"https:\/\/oxav.aimstormsolutions.com\/fr\/wp-json\/wp\/v2\/yst_prominent_words?post=9638"}],"curies":[{"name":"wp","href":"https:\/\/api.w.org\/{rel}","templated":true}]}}