{"id":9843,"date":"2022-06-11T07:44:52","date_gmt":"2022-06-11T07:44:52","guid":{"rendered":"http:\/\/oxav.aimstormsolutions.com\/product\/oxa-ocean-soul\/"},"modified":"2022-06-11T07:44:52","modified_gmt":"2022-06-11T07:44:52","slug":"oxa-ocean-soul-2","status":"publish","type":"product","link":"https:\/\/oxav.aimstormsolutions.com\/fr\/produit\/oxa-ocean-soul-2\/","title":{"rendered":"OXA Ocean Soul"},"content":{"rendered":"<p>Le e liquide Peach est un jus de vape fruit\u00e9 qui a le go\u00fbt d&rsquo;une p\u00eache et d&rsquo;un raisin frais. Imaginez la peau douce et lisse effleurant vos l\u00e8vres lorsque vous mordez dans la chair juteuse.<\/p>\n","protected":false},"excerpt":{"rendered":"<ul>\n<li>P\u00eache, raisin frais<\/li>\n<\/ul>\n","protected":false},"featured_media":7180,"comment_status":"open","ping_status":"closed","template":"","meta":[],"product_cat":[219,194],"product_tag":[],"yst_prominent_words":[],"class_list":["post-9843","product","type-product","status-publish","has-post-thumbnail","hentry","product_cat-ameliorant","product_cat-e-liquide"],"_links":{"self":[{"href":"https:\/\/oxav.aimstormsolutions.com\/fr\/wp-json\/wp\/v2\/product\/9843","targetHints":{"allow":["GET"]}}],"collection":[{"href":"https:\/\/oxav.aimstormsolutions.com\/fr\/wp-json\/wp\/v2\/product"}],"about":[{"href":"https:\/\/oxav.aimstormsolutions.com\/fr\/wp-json\/wp\/v2\/types\/product"}],"replies":[{"embeddable":true,"href":"https:\/\/oxav.aimstormsolutions.com\/fr\/wp-json\/wp\/v2\/comments?post=9843"}],"wp:featuredmedia":[{"embeddable":true,"href":"https:\/\/oxav.aimstormsolutions.com\/fr\/wp-json\/wp\/v2\/media\/7180"}],"wp:attachment":[{"href":"https:\/\/oxav.aimstormsolutions.com\/fr\/wp-json\/wp\/v2\/media?parent=9843"}],"wp:term":[{"taxonomy":"product_cat","embeddable":true,"href":"https:\/\/oxav.aimstormsolutions.com\/fr\/wp-json\/wp\/v2\/product_cat?post=9843"},{"taxonomy":"product_tag","embeddable":true,"href":"https:\/\/oxav.aimstormsolutions.com\/fr\/wp-json\/wp\/v2\/product_tag?post=9843"},{"taxonomy":"yst_prominent_words","embeddable":true,"href":"https:\/\/oxav.aimstormsolutions.com\/fr\/wp-json\/wp\/v2\/yst_prominent_words?post=9843"}],"curies":[{"name":"wp","href":"https:\/\/api.w.org\/{rel}","templated":true}]}}