{"id":9845,"date":"2022-06-11T07:33:05","date_gmt":"2022-06-11T07:33:05","guid":{"rendered":"http:\/\/oxav.aimstormsolutions.com\/product\/bomba-calda-oxa\/"},"modified":"2022-06-11T07:33:05","modified_gmt":"2022-06-11T07:33:05","slug":"oxa-bomba-calda","status":"publish","type":"product","link":"https:\/\/oxav.aimstormsolutions.com\/it\/prodotto\/oxa-bomba-calda\/","title":{"rendered":"Bomba calda OXA"},"content":{"rendered":"<p>OXA hot bomb \u00e8 una miscela di agrumi di limone e arancia con un colpo di mentolo extra freddo. Cos\u00ec gustoso e fresco che sar\u00e0 difficile da mandare gi\u00f9.<\/p>\n","protected":false},"excerpt":{"rendered":"<ul>\n<li>Limone, Mandarino fresco<\/li>\n<\/ul>\n","protected":false},"featured_media":7170,"comment_status":"open","ping_status":"closed","template":"","meta":[],"product_cat":[193,223],"product_tag":[],"yst_prominent_words":[],"class_list":["post-9845","product","type-product","status-publish","has-post-thumbnail","hentry","product_cat-liquido-elettronico","product_cat-miglioratore"],"_links":{"self":[{"href":"https:\/\/oxav.aimstormsolutions.com\/it\/wp-json\/wp\/v2\/product\/9845","targetHints":{"allow":["GET"]}}],"collection":[{"href":"https:\/\/oxav.aimstormsolutions.com\/it\/wp-json\/wp\/v2\/product"}],"about":[{"href":"https:\/\/oxav.aimstormsolutions.com\/it\/wp-json\/wp\/v2\/types\/product"}],"replies":[{"embeddable":true,"href":"https:\/\/oxav.aimstormsolutions.com\/it\/wp-json\/wp\/v2\/comments?post=9845"}],"wp:featuredmedia":[{"embeddable":true,"href":"https:\/\/oxav.aimstormsolutions.com\/it\/wp-json\/wp\/v2\/media\/7170"}],"wp:attachment":[{"href":"https:\/\/oxav.aimstormsolutions.com\/it\/wp-json\/wp\/v2\/media?parent=9845"}],"wp:term":[{"taxonomy":"product_cat","embeddable":true,"href":"https:\/\/oxav.aimstormsolutions.com\/it\/wp-json\/wp\/v2\/product_cat?post=9845"},{"taxonomy":"product_tag","embeddable":true,"href":"https:\/\/oxav.aimstormsolutions.com\/it\/wp-json\/wp\/v2\/product_tag?post=9845"},{"taxonomy":"yst_prominent_words","embeddable":true,"href":"https:\/\/oxav.aimstormsolutions.com\/it\/wp-json\/wp\/v2\/yst_prominent_words?post=9845"}],"curies":[{"name":"wp","href":"https:\/\/api.w.org\/{rel}","templated":true}]}}